{"id":89,"date":"2019-04-04T19:41:47","date_gmt":"2019-04-04T19:41:47","guid":{"rendered":"https:\/\/demo.dinesh-ghimire.com.np\/wpthemes\/blogmag\/?page_id=89"},"modified":"2020-06-10T17:01:08","modified_gmt":"2020-06-10T17:01:08","slug":"contact","status":"publish","type":"page","link":"https:\/\/preambul.ee\/www\/contact\/","title":{"rendered":"Kontakt"},"content":{"rendered":"\n<p>Saada oma t\u00e4helepanekuid, kui m\u00e4rkad p\u00f5hiseaduse preambuli vastaseid s\u00f5nav\u00f5tte! <br>info@preambul.ee v\u00f5i allj\u00e4rgneval kontaktivormil<\/p>\n\n\n<div class=\"everest-forms\"><div class=\"evf-container default\" id=\"evf-251\"><form id=\"evf-form-251\" class=\"everest-form\" data-formid=\"251\" data-ajax_submission=\"0\" method=\"post\" enctype=\"multipart\/form-data\" action=\"\/www\/wp-json\/wp\/v2\/pages\/89\"><div class=\"evf-field-container\"><input type=\"hidden\" id=\"_wpnonce\" name=\"_wpnonce\" value=\"cddfb58a97\" \/><input type=\"hidden\" name=\"_wp_http_referer\" value=\"\/www\/wp-json\/wp\/v2\/pages\/89\" \/><div class=\"evf-frontend-row\" data-row=\"row_1\"><div class=\"evf-frontend-grid evf-grid-1\" data-grid=\"grid_1\"><div id=\"evf-251-field_fullname-container\" class=\"evf-field evf-field-text form-row validate-required\" data-required-field-message=\"This field is required.\" data-field-id=\"fullname\"><label class=\"evf-field-label\" for=\"evf-251-field_fullname\"><span class=\"evf-label\">Nimi<\/span> <abbr class=\"required\" title=\"Required\">*<\/abbr><\/label><input type=\"text\" id=\"evf-251-field_fullname\" class=\"input-text\" name=\"everest_forms[form_fields][fullname]\" required><\/div><div id=\"evf-251-field_email-container\" class=\"evf-field evf-field-email form-row validate-required validate-email\" data-required-field-message=\"Please enter a valid email address.\" data-field-id=\"email\"><label class=\"evf-field-label\" for=\"evf-251-field_email\"><span class=\"evf-label\">e-post<\/span> <abbr class=\"required\" title=\"Required\">*<\/abbr><\/label><input type=\"email\" id=\"evf-251-field_email\" class=\"input-text\" name=\"everest_forms[form_fields][email]\" required><\/div><div id=\"evf-251-field_message-container\" class=\"evf-field evf-field-textarea form-row validate-required\" data-required-field-message=\"This field is required.\" data-field-id=\"message\"><label class=\"evf-field-label\" for=\"evf-251-field_message\"><span class=\"evf-label\">Teade<\/span> <abbr class=\"required\" title=\"Required\">*<\/abbr><\/label><textarea id=\"evf-251-field_message\" class=\"input-text\" name=\"everest_forms[form_fields][message]\" required><\/textarea><\/div><\/div><\/div><\/div><div class=\"evf-honeypot-container evf-field-hp\"><label for=\"evf-251-field-hp\" class=\"evf-field-label\">Phone<\/label><input type=\"text\" name=\"everest_forms[hp]\" id=\"evf-251-field-hp\" class=\"input-text\"><\/div><div class=\"evf-submit-container \" ><input type=\"hidden\" name=\"everest_forms[id]\" value=\"251\"><input type=\"hidden\" name=\"everest_forms[author]\" value=\"1\"><button type='submit' name='everest_forms[submit]' class='everest-forms-submit-button button evf-submit ' id='evf-submit-251' value='evf-submit' data-process-text=\"Saadan...\" conditional_rules='\"\"' conditional_id='evf-submit-251' >Saada<\/button><\/div><\/form><\/div><!-- .evf-container --><\/div>\n","protected":false},"excerpt":{"rendered":"<p>Saada oma t\u00e4helepanekuid, kui m\u00e4rkad p\u00f5hiseaduse preambuli vastaseid s\u00f5nav\u00f5tte! info@preambul.ee v\u00f5i allj\u00e4rgneval kontaktivormil<\/p>\n","protected":false},"author":1,"featured_media":0,"parent":0,"menu_order":0,"comment_status":"closed","ping_status":"closed","template":"","meta":{"footnotes":""},"class_list":["post-89","page","type-page","status-publish","hentry"],"yoast_head":"<!-- This site is optimized with the Yoast SEO plugin v14.5 - https:\/\/yoast.com\/wordpress\/plugins\/seo\/ -->\n<title>Kontakt -<\/title>\n<meta name=\"robots\" content=\"index, follow\" \/>\n<meta name=\"googlebot\" content=\"index, follow, max-snippet:-1, max-image-preview:large, max-video-preview:-1\" \/>\n<meta name=\"bingbot\" content=\"index, follow, max-snippet:-1, max-image-preview:large, max-video-preview:-1\" \/>\n<link rel=\"canonical\" href=\"https:\/\/preambul.ee\/www\/contact\/\" \/>\n<meta property=\"og:locale\" content=\"et_EE\" \/>\n<meta property=\"og:type\" content=\"article\" \/>\n<meta property=\"og:title\" content=\"Kontakt -\" \/>\n<meta property=\"og:description\" content=\"Saada oma t\u00e4helepanekuid, kui m\u00e4rkad p\u00f5hiseaduse preambuli vastaseid s\u00f5nav\u00f5tte! info@preambul.ee v\u00f5i allj\u00e4rgneval kontaktivormil\" \/>\n<meta property=\"og:url\" content=\"https:\/\/preambul.ee\/www\/contact\/\" \/>\n<meta property=\"article:publisher\" content=\"https:\/\/www.facebook.com\/Preambulee-101979401250795\/\" \/>\n<meta property=\"article:modified_time\" content=\"2020-06-10T17:01:08+00:00\" \/>\n<meta name=\"twitter:card\" content=\"summary_large_image\" \/>\n<script type=\"application\/ld+json\" class=\"yoast-schema-graph\">{\"@context\":\"https:\/\/schema.org\",\"@graph\":[{\"@type\":\"WebSite\",\"@id\":\"https:\/\/preambul.ee\/www\/#website\",\"url\":\"https:\/\/preambul.ee\/www\/\",\"name\":\"\",\"description\":\"\",\"potentialAction\":[{\"@type\":\"SearchAction\",\"target\":\"https:\/\/preambul.ee\/www\/?s={search_term_string}\",\"query-input\":\"required name=search_term_string\"}],\"inLanguage\":\"et\"},{\"@type\":\"WebPage\",\"@id\":\"https:\/\/preambul.ee\/www\/contact\/#webpage\",\"url\":\"https:\/\/preambul.ee\/www\/contact\/\",\"name\":\"Kontakt -\",\"isPartOf\":{\"@id\":\"https:\/\/preambul.ee\/www\/#website\"},\"datePublished\":\"2019-04-04T19:41:47+00:00\",\"dateModified\":\"2020-06-10T17:01:08+00:00\",\"inLanguage\":\"et\",\"potentialAction\":[{\"@type\":\"ReadAction\",\"target\":[\"https:\/\/preambul.ee\/www\/contact\/\"]}]}]}<\/script>\n<!-- \/ Yoast SEO plugin. -->","_links":{"self":[{"href":"https:\/\/preambul.ee\/www\/wp-json\/wp\/v2\/pages\/89","targetHints":{"allow":["GET"]}}],"collection":[{"href":"https:\/\/preambul.ee\/www\/wp-json\/wp\/v2\/pages"}],"about":[{"href":"https:\/\/preambul.ee\/www\/wp-json\/wp\/v2\/types\/page"}],"author":[{"embeddable":true,"href":"https:\/\/preambul.ee\/www\/wp-json\/wp\/v2\/users\/1"}],"replies":[{"embeddable":true,"href":"https:\/\/preambul.ee\/www\/wp-json\/wp\/v2\/comments?post=89"}],"version-history":[{"count":2,"href":"https:\/\/preambul.ee\/www\/wp-json\/wp\/v2\/pages\/89\/revisions"}],"predecessor-version":[{"id":312,"href":"https:\/\/preambul.ee\/www\/wp-json\/wp\/v2\/pages\/89\/revisions\/312"}],"wp:attachment":[{"href":"https:\/\/preambul.ee\/www\/wp-json\/wp\/v2\/media?parent=89"}],"curies":[{"name":"wp","href":"https:\/\/api.w.org\/{rel}","templated":true}]}}