{"id":196,"date":"2019-07-14T19:35:42","date_gmt":"2019-07-14T19:35:42","guid":{"rendered":"https:\/\/demo.dinesh-ghimire.com.np\/wpthemes\/blogmagazine\/?page_id=196"},"modified":"2020-06-18T07:52:12","modified_gmt":"2020-06-18T07:52:12","slug":"page","status":"publish","type":"page","link":"https:\/\/preambul.ee\/www\/page\/","title":{"rendered":"LEHEK\u00dcLJEST"},"content":{"rendered":"\n<p>Eesti riigi kogu idee nagu ka seaduslik alus p\u00f5hineb kokkuleppel, et peame k\u00f5ikumatus usus ja vankumatus tahtes kindlustama ja arendama riiki, \u201emis peab tagama eesti rahvuse ja kultuuri s\u00e4ilimise l\u00e4bi aegade\u201c.<\/p>\n\n\n\n<p>Avalikud s\u00f5nav\u00f5tud, arvamused ja poliitilised k\u00f5ned, kus Eesti P\u00f5hiseaduses s\u00e4testatud normid ja soovid pannakse selgelt kahtluse alla v\u00f5i soovitakse s\u00f5naselgelt nendest loobumist v\u00f5i vahel lausa nende lammutamist, on muutunud j\u00e4rjest sagedasemaks ja neisse suhtutakse \u00fcha leebemalt.<br>P\u00f5hiseadusliku korra ja p\u00f5hiseaduse m\u00f5tte vastased tegevused on muutunud eelk\u00f5ige \u00fcheks poliitilise aktivismi vormiks, mida ei m\u00f5isteta avalikkuses enam tihtipeale hukka, vaid neid t\u00f5lgendatakse lihtsalt kui \u00fchte arusaama s\u00f5navabaduse oludes paljude teiste seas.<\/p>\n\n\n\n<p><strong>Preambul.ee<\/strong>&nbsp;eesm\u00e4rgiks ei ole selliste seisukohtade otsene \u00e4ra keelamine vaid eelk\u00f5ige neid \u00fcldsusele teadvustada ja tutvustada. Anda avalikkusele teada, et sellised seisukohad on olemas, nad on aktiivselt esil ja \u00fcha enam avalikes kanalites pigem normaalsusena v\u00f5etavad.<br>Seega v\u00f5ib&nbsp;Preambul.ee lehek\u00fclge just t\u00f5lgendada kui andmebaasi v\u00f5i arhiivi, kus kogutakse kokku \u00fche m\u00f5ttemudeli eri v\u00e4ljendusvormid ja teadvustada nende olemasolu tuues neid muutmata kujul esile.<br><strong>Preambul.ee<\/strong>&nbsp;on oma eesm\u00e4rgi t\u00e4itnud, kui avalikus ruumis enam ei esine vastavasisulisi s\u00f5nav\u00f5tte ja v\u00e4ljaastumisi.&nbsp;<\/p>\n\n\n<p><!--EndFragment--><\/p>","protected":false},"excerpt":{"rendered":"<p>Eesti riigi kogu idee nagu ka seaduslik alus p\u00f5hineb kokkuleppel, et peame k\u00f5ikumatus usus ja vankumatus tahtes kindlustama ja arendama riiki, \u201emis peab tagama eesti rahvuse ja kultuuri s\u00e4ilimise l\u00e4bi aegade\u201c. Avalikud s\u00f5nav\u00f5tud, arvamused ja poliitilised k\u00f5ned, kus Eesti P\u00f5hiseaduses s\u00e4testatud normid ja soovid pannakse selgelt kahtluse alla v\u00f5i soovitakse s\u00f5naselgelt nendest loobumist v\u00f5i vahel [&hellip;]<\/p>\n","protected":false},"author":1,"featured_media":0,"parent":0,"menu_order":0,"comment_status":"closed","ping_status":"closed","template":"","meta":{"footnotes":""},"class_list":["post-196","page","type-page","status-publish","hentry"],"yoast_head":"<!-- This site is optimized with the Yoast SEO plugin v14.5 - https:\/\/yoast.com\/wordpress\/plugins\/seo\/ -->\n<title>LEHEK\u00dcLJEST -<\/title>\n<meta name=\"robots\" content=\"index, follow\" \/>\n<meta name=\"googlebot\" content=\"index, follow, max-snippet:-1, max-image-preview:large, max-video-preview:-1\" \/>\n<meta name=\"bingbot\" content=\"index, follow, max-snippet:-1, max-image-preview:large, max-video-preview:-1\" \/>\n<link rel=\"canonical\" href=\"https:\/\/preambul.ee\/www\/page\/\" \/>\n<meta property=\"og:locale\" content=\"et_EE\" \/>\n<meta property=\"og:type\" content=\"article\" \/>\n<meta property=\"og:title\" content=\"LEHEK\u00dcLJEST -\" \/>\n<meta property=\"og:description\" content=\"Eesti riigi kogu idee nagu ka seaduslik alus p\u00f5hineb kokkuleppel, et peame k\u00f5ikumatus usus ja vankumatus tahtes kindlustama ja arendama riiki, \u201emis peab tagama eesti rahvuse ja kultuuri s\u00e4ilimise l\u00e4bi aegade\u201c. Avalikud s\u00f5nav\u00f5tud, arvamused ja poliitilised k\u00f5ned, kus Eesti P\u00f5hiseaduses s\u00e4testatud normid ja soovid pannakse selgelt kahtluse alla v\u00f5i soovitakse s\u00f5naselgelt nendest loobumist v\u00f5i vahel [&hellip;]\" \/>\n<meta property=\"og:url\" content=\"https:\/\/preambul.ee\/www\/page\/\" \/>\n<meta property=\"article:publisher\" content=\"https:\/\/www.facebook.com\/Preambulee-101979401250795\/\" \/>\n<meta property=\"article:modified_time\" content=\"2020-06-18T07:52:12+00:00\" \/>\n<meta name=\"twitter:card\" content=\"summary_large_image\" \/>\n<script type=\"application\/ld+json\" class=\"yoast-schema-graph\">{\"@context\":\"https:\/\/schema.org\",\"@graph\":[{\"@type\":\"WebSite\",\"@id\":\"https:\/\/preambul.ee\/www\/#website\",\"url\":\"https:\/\/preambul.ee\/www\/\",\"name\":\"\",\"description\":\"\",\"potentialAction\":[{\"@type\":\"SearchAction\",\"target\":\"https:\/\/preambul.ee\/www\/?s={search_term_string}\",\"query-input\":\"required name=search_term_string\"}],\"inLanguage\":\"et\"},{\"@type\":\"WebPage\",\"@id\":\"https:\/\/preambul.ee\/www\/page\/#webpage\",\"url\":\"https:\/\/preambul.ee\/www\/page\/\",\"name\":\"LEHEK\\u00dcLJEST -\",\"isPartOf\":{\"@id\":\"https:\/\/preambul.ee\/www\/#website\"},\"datePublished\":\"2019-07-14T19:35:42+00:00\",\"dateModified\":\"2020-06-18T07:52:12+00:00\",\"inLanguage\":\"et\",\"potentialAction\":[{\"@type\":\"ReadAction\",\"target\":[\"https:\/\/preambul.ee\/www\/page\/\"]}]}]}<\/script>\n<!-- \/ Yoast SEO plugin. -->","_links":{"self":[{"href":"https:\/\/preambul.ee\/www\/wp-json\/wp\/v2\/pages\/196","targetHints":{"allow":["GET"]}}],"collection":[{"href":"https:\/\/preambul.ee\/www\/wp-json\/wp\/v2\/pages"}],"about":[{"href":"https:\/\/preambul.ee\/www\/wp-json\/wp\/v2\/types\/page"}],"author":[{"embeddable":true,"href":"https:\/\/preambul.ee\/www\/wp-json\/wp\/v2\/users\/1"}],"replies":[{"embeddable":true,"href":"https:\/\/preambul.ee\/www\/wp-json\/wp\/v2\/comments?post=196"}],"version-history":[{"count":1,"href":"https:\/\/preambul.ee\/www\/wp-json\/wp\/v2\/pages\/196\/revisions"}],"predecessor-version":[{"id":318,"href":"https:\/\/preambul.ee\/www\/wp-json\/wp\/v2\/pages\/196\/revisions\/318"}],"wp:attachment":[{"href":"https:\/\/preambul.ee\/www\/wp-json\/wp\/v2\/media?parent=196"}],"curies":[{"name":"wp","href":"https:\/\/api.w.org\/{rel}","templated":true}]}}